{"id":4300,"date":"2021-02-21T14:00:17","date_gmt":"2021-02-21T13:00:17","guid":{"rendered":"https:\/\/temp.closdescazaux.fr\/vins\/cotes-du-rhone-rose\/"},"modified":"2025-04-09T15:42:35","modified_gmt":"2025-04-09T13:42:35","slug":"cotes-du-rhone-rose","status":"publish","type":"product","link":"https:\/\/www.closdescazaux.fr\/en\/wines\/cotes-du-rhone-rose\/","title":{"rendered":"C\u00f4tes du Rh\u00f4ne Ros\u00e9"},"excerpt":{"rendered":"<p>[vin_millesime_meta]<strong>Grape Varieties:<\/strong> cinsault, grenache, syrah<br \/>\n<strong>Havest:<\/strong> manual<\/p>\n<p><strong>Colour:<\/strong> salmon pink colour.<br \/>\n<strong>Bouquet:<\/strong> aromas of red fruits, rose and white flowers.<br \/>\n<strong>Palate:<\/strong> the first impression is marked by the freshness of the wine. The fat and vinous flavours of little red fruits are the same as those of the bouquet.<\/p>\n","protected":false},"featured_media":3923,"template":"","meta":{"inline_featured_image":false,"_kad_blocks_custom_css":"","_kad_blocks_head_custom_js":"","_kad_blocks_body_custom_js":"","_kad_blocks_footer_custom_js":"","_kad_post_transparent":"default","_kad_post_title":"","_kad_post_layout":"default","_kad_post_sidebar_id":"","_kad_post_content_style":"default","_kad_post_vertical_padding":"default","_kad_post_feature":"","_kad_post_feature_position":"","_kad_post_header":false,"_kad_post_footer":false,"_kad_post_classname":""},"product_brand":[],"product_cat":[50],"product_tag":[],"class_list":{"0":"post-4300","1":"product","2":"type-product","3":"status-publish","4":"has-post-thumbnail","6":"product_cat-cotes-du-rhone-en","8":"first","9":"instock","10":"taxable","11":"shipping-taxable","12":"purchasable","13":"product-type-simple","14":"entry","15":"content-bg","16":"loop-entry"},"taxonomy_info":{"product_cat":[{"value":50,"label":"C\u00f4tes du Rh\u00f4ne"}]},"featured_image_src_large":["https:\/\/www.closdescazaux.fr\/wp-content\/uploads\/2021\/03\/clos-des-cazaux_cdr-rose.jpg",600,800,false],"author_info":[],"comment_info":"","_links":{"self":[{"href":"https:\/\/www.closdescazaux.fr\/en\/wp-json\/wp\/v2\/product\/4300","targetHints":{"allow":["GET"]}}],"collection":[{"href":"https:\/\/www.closdescazaux.fr\/en\/wp-json\/wp\/v2\/product"}],"about":[{"href":"https:\/\/www.closdescazaux.fr\/en\/wp-json\/wp\/v2\/types\/product"}],"wp:featuredmedia":[{"embeddable":true,"href":"https:\/\/www.closdescazaux.fr\/en\/wp-json\/wp\/v2\/media\/3923"}],"wp:attachment":[{"href":"https:\/\/www.closdescazaux.fr\/en\/wp-json\/wp\/v2\/media?parent=4300"}],"wp:term":[{"taxonomy":"product_brand","embeddable":true,"href":"https:\/\/www.closdescazaux.fr\/en\/wp-json\/wp\/v2\/product_brand?post=4300"},{"taxonomy":"product_cat","embeddable":true,"href":"https:\/\/www.closdescazaux.fr\/en\/wp-json\/wp\/v2\/product_cat?post=4300"},{"taxonomy":"product_tag","embeddable":true,"href":"https:\/\/www.closdescazaux.fr\/en\/wp-json\/wp\/v2\/product_tag?post=4300"}],"curies":[{"name":"wp","href":"https:\/\/api.w.org\/{rel}","templated":true}]}}